{"id":1444,"date":"2017-12-06T15:54:31","date_gmt":"2017-12-06T14:54:31","guid":{"rendered":"http:\/\/harry.perianmedia.de\/?page_id=1444"},"modified":"2024-09-16T15:23:00","modified_gmt":"2024-09-16T13:23:00","slug":"stellenangebote","status":"publish","type":"page","link":"https:\/\/harry-roth.de\/en\/stellenangebote\/","title":{"rendered":"Vacancies"},"content":{"rendered":"\t\t<div data-elementor-type=\"wp-page\" data-elementor-id=\"1444\" class=\"elementor elementor-1444 elementor-987\" data-elementor-post-type=\"page\">\n\t\t\t\t\t\t<section class=\"elementor-section elementor-top-section elementor-element elementor-element-e13dba5 elementor-section-boxed elementor-section-height-default elementor-section-height-default\" data-id=\"e13dba5\" data-element_type=\"section\" data-settings=\"{&quot;background_background&quot;:&quot;classic&quot;}\">\n\t\t\t\t\t\t<div class=\"elementor-container elementor-column-gap-default\">\n\t\t\t\t\t<div class=\"elementor-column elementor-col-100 elementor-top-column elementor-element elementor-element-b296b83\" data-id=\"b296b83\" data-element_type=\"column\">\n\t\t\t<div class=\"elementor-widget-wrap elementor-element-populated\">\n\t\t\t\t\t\t\t<\/div>\n\t\t<\/div>\n\t\t\t\t\t<\/div>\n\t\t<\/section>\n\t\t\t\t<section class=\"elementor-section elementor-top-section elementor-element elementor-element-cb6468f elementor-section-boxed elementor-section-height-default elementor-section-height-default\" data-id=\"cb6468f\" data-element_type=\"section\">\n\t\t\t\t\t\t<div class=\"elementor-container elementor-column-gap-default\">\n\t\t\t\t\t<div class=\"elementor-column elementor-col-100 elementor-top-column elementor-element elementor-element-a3d2f79\" data-id=\"a3d2f79\" data-element_type=\"column\">\n\t\t\t<div class=\"elementor-widget-wrap elementor-element-populated\">\n\t\t\t\t\t\t<div class=\"elementor-element elementor-element-578961c elementor-widget elementor-widget-heading\" data-id=\"578961c\" data-element_type=\"widget\" data-widget_type=\"heading.default\">\n\t\t\t\t<div class=\"elementor-widget-container\">\n\t\t\t<style>\/*! elementor - v3.22.0 - 17-06-2024 *\/\n.elementor-heading-title{padding:0;margin:0;line-height:1}.elementor-widget-heading .elementor-heading-title[class*=elementor-size-]>a{color:inherit;font-size:inherit;line-height:inherit}.elementor-widget-heading .elementor-heading-title.elementor-size-small{font-size:15px}.elementor-widget-heading .elementor-heading-title.elementor-size-medium{font-size:19px}.elementor-widget-heading .elementor-heading-title.elementor-size-large{font-size:29px}.elementor-widget-heading .elementor-heading-title.elementor-size-xl{font-size:39px}.elementor-widget-heading .elementor-heading-title.elementor-size-xxl{font-size:59px}<\/style><h2 class=\"elementor-heading-title elementor-size-default\">Sind Sie bereit f\u00fcr Ihren neuen Job?<\/h2>\t\t<\/div>\n\t\t\t\t<\/div>\n\t\t\t\t\t<\/div>\n\t\t<\/div>\n\t\t\t\t\t<\/div>\n\t\t<\/section>\n\t\t\t\t<section class=\"elementor-section elementor-top-section elementor-element elementor-element-bdaa773 elementor-section-boxed elementor-section-height-default elementor-section-height-default\" data-id=\"bdaa773\" data-element_type=\"section\">\n\t\t\t\t\t\t<div class=\"elementor-container elementor-column-gap-default\">\n\t\t\t\t\t<div class=\"elementor-column elementor-col-100 elementor-top-column elementor-element elementor-element-884b22f\" data-id=\"884b22f\" data-element_type=\"column\">\n\t\t\t<div class=\"elementor-widget-wrap elementor-element-populated\">\n\t\t\t\t\t\t<div class=\"elementor-element elementor-element-18e87b7 elementor-tabs-view-vertical tab-right-slide elementor-widget elementor-widget-tabs\" data-id=\"18e87b7\" data-element_type=\"widget\" data-widget_type=\"tabs.default\">\n\t\t\t\t<div class=\"elementor-widget-container\">\n\t\t\t<style>\/*! elementor - v3.22.0 - 17-06-2024 *\/\n.elementor-widget-tabs.elementor-tabs-view-vertical .elementor-tabs-wrapper{width:25%;flex-shrink:0}.elementor-widget-tabs.elementor-tabs-view-vertical .elementor-tab-desktop-title.elementor-active{border-inline-end-style:none}.elementor-widget-tabs.elementor-tabs-view-vertical .elementor-tab-desktop-title.elementor-active:after,.elementor-widget-tabs.elementor-tabs-view-vertical .elementor-tab-desktop-title.elementor-active:before{height:999em;width:0;right:0;border-inline-end-style:solid}.elementor-widget-tabs.elementor-tabs-view-vertical .elementor-tab-desktop-title.elementor-active:before{top:0;transform:translateY(-100%)}.elementor-widget-tabs.elementor-tabs-view-vertical .elementor-tab-desktop-title.elementor-active:after{top:100%}.elementor-widget-tabs.elementor-tabs-view-horizontal .elementor-tab-desktop-title{display:table-cell}.elementor-widget-tabs.elementor-tabs-view-horizontal .elementor-tab-desktop-title.elementor-active{border-bottom-style:none}.elementor-widget-tabs.elementor-tabs-view-horizontal .elementor-tab-desktop-title.elementor-active:after,.elementor-widget-tabs.elementor-tabs-view-horizontal .elementor-tab-desktop-title.elementor-active:before{bottom:0;height:0;width:999em;border-bottom-style:solid}.elementor-widget-tabs.elementor-tabs-view-horizontal .elementor-tab-desktop-title.elementor-active:before{right:100%}.elementor-widget-tabs.elementor-tabs-view-horizontal .elementor-tab-desktop-title.elementor-active:after{left:100%}.elementor-widget-tabs .elementor-tab-content,.elementor-widget-tabs .elementor-tab-title,.elementor-widget-tabs .elementor-tab-title:after,.elementor-widget-tabs .elementor-tab-title:before,.elementor-widget-tabs .elementor-tabs-content-wrapper{border:1px #d5d8dc}.elementor-widget-tabs .elementor-tabs{text-align:start}.elementor-widget-tabs .elementor-tabs-wrapper{overflow:hidden}.elementor-widget-tabs .elementor-tab-title{cursor:pointer;outline:var(--focus-outline,none)}.elementor-widget-tabs .elementor-tab-desktop-title{position:relative;padding:20px 25px;font-weight:700;line-height:1;border:solid transparent}.elementor-widget-tabs .elementor-tab-desktop-title.elementor-active{border-color:#d5d8dc}.elementor-widget-tabs .elementor-tab-desktop-title.elementor-active:after,.elementor-widget-tabs .elementor-tab-desktop-title.elementor-active:before{display:block;content:\"\";position:absolute}.elementor-widget-tabs .elementor-tab-desktop-title:focus-visible{border:1px solid #000}.elementor-widget-tabs .elementor-tab-mobile-title{padding:10px;cursor:pointer}.elementor-widget-tabs .elementor-tab-content{padding:20px;display:none}@media (max-width:767px){.elementor-tabs .elementor-tab-content,.elementor-tabs .elementor-tab-title{border-style:solid solid none}.elementor-tabs .elementor-tabs-wrapper{display:none}.elementor-tabs .elementor-tabs-content-wrapper{border-bottom-style:solid}.elementor-tabs .elementor-tab-content{padding:10px}}@media (min-width:768px){.elementor-widget-tabs.elementor-tabs-view-vertical .elementor-tabs{display:flex}.elementor-widget-tabs.elementor-tabs-view-vertical .elementor-tabs-wrapper{flex-direction:column}.elementor-widget-tabs.elementor-tabs-view-vertical .elementor-tabs-content-wrapper{flex-grow:1;border-style:solid solid solid none}.elementor-widget-tabs.elementor-tabs-view-horizontal .elementor-tab-content{border-style:none solid solid}.elementor-widget-tabs.elementor-tabs-alignment-center .elementor-tabs-wrapper,.elementor-widget-tabs.elementor-tabs-alignment-end .elementor-tabs-wrapper,.elementor-widget-tabs.elementor-tabs-alignment-stretch .elementor-tabs-wrapper{display:flex}.elementor-widget-tabs.elementor-tabs-alignment-center .elementor-tabs-wrapper{justify-content:center}.elementor-widget-tabs.elementor-tabs-alignment-end .elementor-tabs-wrapper{justify-content:flex-end}.elementor-widget-tabs.elementor-tabs-alignment-stretch.elementor-tabs-view-horizontal .elementor-tab-title{width:100%}.elementor-widget-tabs.elementor-tabs-alignment-stretch.elementor-tabs-view-vertical .elementor-tab-title{height:100%}.elementor-tabs .elementor-tab-mobile-title{display:none}}<\/style>\t\t<div class=\"elementor-tabs\">\n\t\t\t<div class=\"elementor-tabs-wrapper\" role=\"tablist\" >\n\t\t\t\t\t\t\t\t\t<div id=\"elementor-tab-title-2611\" class=\"elementor-tab-title elementor-tab-desktop-title\" aria-selected=\"true\" data-tab=\"1\" role=\"tab\" tabindex=\"0\" aria-controls=\"elementor-tab-content-2611\" aria-expanded=\"false\">Vertrieb Sachbearbeitung (m\/w\/d)<\/div>\n\t\t\t\t\t\t\t\t\t<div id=\"elementor-tab-title-2612\" class=\"elementor-tab-title elementor-tab-desktop-title\" aria-selected=\"false\" data-tab=\"2\" role=\"tab\" tabindex=\"-1\" aria-controls=\"elementor-tab-content-2612\" aria-expanded=\"false\">CNC-Dreher\/-in (m\/w\/d)<\/div>\n\t\t\t\t\t\t\t\t\t<div id=\"elementor-tab-title-2613\" class=\"elementor-tab-title elementor-tab-desktop-title\" aria-selected=\"false\" data-tab=\"3\" role=\"tab\" tabindex=\"-1\" aria-controls=\"elementor-tab-content-2613\" aria-expanded=\"false\">Ausbildung zum Zerspanungsmechaniker\/-in (m\/w\/d)<\/div>\n\t\t\t\t\t\t\t<\/div>\n\t\t\t<div class=\"elementor-tabs-content-wrapper\" role=\"tablist\" aria-orientation=\"vertical\">\n\t\t\t\t\t\t\t\t\t<div class=\"elementor-tab-title elementor-tab-mobile-title\" aria-selected=\"true\" data-tab=\"1\" role=\"tab\" tabindex=\"0\" aria-controls=\"elementor-tab-content-2611\" aria-expanded=\"false\">Vertrieb Sachbearbeitung (m\/w\/d)<\/div>\n\t\t\t\t\t<div id=\"elementor-tab-content-2611\" class=\"elementor-tab-content elementor-clearfix\" data-tab=\"1\" role=\"tabpanel\" aria-labelledby=\"elementor-tab-title-2611\" tabindex=\"0\" hidden=\"false\"><ul>IHRE AUFGABEN UND VERANTWORTUNG:<\/ul><p>\n\u2022 Gro\u00dfkundenbetreuung im administrativen Bereich.<p>\n\n\u2022 Umsetzung des kaufm\u00e4nnischen Auftrages in die\nAblauforganisation von Harry Roth GmbH &amp; Co. KG.<p>\n\n\u2022 Sicherung von Kundenw\u00fcnschen hinsichtlich Umset-\nzung bzw. Anpassung an den betrieblichen Ablauf.<p>\n\n\u2022 \u00dcberwachung der in seinem Bereich anfallenden\nQM Aufgaben und deren Umsetzung.<p>\n\n\u2022 Mitwirkung bei der Aufrechterhaltung und kontinuier-\nlichen Verbesserung des integrierten Qualit\u00e4ts-,\nUmwelt-, Energie- und Arbeitsschutz-\nManagementsystems.<p>\n<ul>IHR PROFIL:<\/ul>\n\u2022 Ausbildung: kaufm\u00e4nnische Ausbildung,\nVertriebserfahrung<p>\n\n\u2022 Kenntnisse innerbetrieblicher Ablauforganisation<p>\n\n\u2022 W\u00fcnschenswert sind au\u00dferdem: Technische\nVorkenntnisse und Erfahrungen in der\nMetallverarbeitung<p>\n<ul>BEWERBUNGEN BITTE AN:<\/ul>\nFrau Carolin Bischoff, c.bischoff@harry-roth.de<\/div>\n\t\t\t\t\t\t\t\t\t<div class=\"elementor-tab-title elementor-tab-mobile-title\" aria-selected=\"false\" data-tab=\"2\" role=\"tab\" tabindex=\"-1\" aria-controls=\"elementor-tab-content-2612\" aria-expanded=\"false\">CNC-Dreher\/-in (m\/w\/d)<\/div>\n\t\t\t\t\t<div id=\"elementor-tab-content-2612\" class=\"elementor-tab-content elementor-clearfix\" data-tab=\"2\" role=\"tabpanel\" aria-labelledby=\"elementor-tab-title-2612\" tabindex=\"0\" hidden=\"hidden\">&#8230; f\u00fcr: <span>Nakamura Super NTJX, Super NTJ, WT-150 mit Fanuc 31i<\/span>\n<br>\n<br>\nODER\n<br>\n<br>\n&#8230; f\u00fcr <span>Star, Manurhin, Gildemeister<\/span>\n<br>\n<br>\nODER\n<br>\n<br>\n&#8230; f\u00fcr <span>Index ABC und Index G200 (Siemens Steuerung) <\/span>\n<br>\n<br>\n<span>Ihre T\u00e4tigkeitsbereiche<\/span>:\n<br>\n<ul>\n<li>Programmieren und R\u00fcsten unserer Drehmaschinen<\/li>\n<li>Bearbeiten und Messen von Werkst\u00fccken<\/li>\n<li>Optimieren der Prozesse<\/li>\n<li>Planung der Produktrealisierung<\/li>\n<\/ul>\n<br>\n<span>Ihre Qualifikationen<\/span>:<br>\nSie verf\u00fcgen \u00fcber eine abgeschlossene Berufsausbildung in einem metallverarbeitenden Beruf und einschl\u00e4gige Erfahrungen im Drehen. Erfahrung im Umgang mit TopSolid CAM w\u00e4ren von Vorteil.\n<br>\n<br>\n<span>Wir bieten:<\/span>\n<br>\n<ul>\n<li>ein kollegiales Miteinander und flache Hierarchien<\/li>\n<li>finanzielle Zusatzleistungen wie verm\u00f6genswirksame Leistung, Direktversicherung, diverse Mitarbeiter Benefits, wie Jobrad, Ticket-Plus Karte<\/li>\n<\/ul><\/div>\n\t\t\t\t\t\t\t\t\t<div class=\"elementor-tab-title elementor-tab-mobile-title\" aria-selected=\"false\" data-tab=\"3\" role=\"tab\" tabindex=\"-1\" aria-controls=\"elementor-tab-content-2613\" aria-expanded=\"false\">Ausbildung zum Zerspanungsmechaniker\/-in (m\/w\/d)<\/div>\n\t\t\t\t\t<div id=\"elementor-tab-content-2613\" class=\"elementor-tab-content elementor-clearfix\" data-tab=\"3\" role=\"tabpanel\" aria-labelledby=\"elementor-tab-title-2613\" tabindex=\"0\" hidden=\"hidden\"><span>Ausbildung zum Zerspanungsmechaniker\/in (ab 2020):<\/span><br><br>\nQualifikation: Hauptschulabschluss, einj\u00e4hrige Berufsfachschule<br>\nDauer: 3,5 Jahre<br>\nBerufsschule: Blockunterricht<br>\nBerufsbild: Zerspanungsmechaniker\/in richten unterschiedliche computergesteuerten Dreh-, Fr\u00e4s- und Schleifmaschinen ein und \u00fcberwachen sie im Fertigungsprozess.<br><br>\nZum Aufgabenbereich geh\u00f6ren: \n<ul>\n<li>Programmierung und Optimierung der Maschinen<\/li>\n<li>Das genaue Lesen und Einhalten der technische Zeichnung<\/li>\n<li>Vorbereiten der Arbeitsabl\u00e4ufe und R\u00fcsten der Maschinen<\/li>\n<li>Kontrolle der Arbeitsvorg\u00e4nge und Qualit\u00e4t der Werkst\u00fccke<\/li>\n<\/ul>   <\/div>\n\t\t\t\t\t\t\t<\/div>\n\t\t<\/div>\n\t\t\t\t<\/div>\n\t\t\t\t<\/div>\n\t\t\t\t\t<\/div>\n\t\t<\/div>\n\t\t\t\t\t<\/div>\n\t\t<\/section>\n\t\t\t\t<section class=\"elementor-section elementor-top-section elementor-element elementor-element-7050db3 elementor-section-boxed elementor-section-height-default elementor-section-height-default\" data-id=\"7050db3\" data-element_type=\"section\">\n\t\t\t\t\t\t<div class=\"elementor-container elementor-column-gap-default\">\n\t\t\t\t\t<div class=\"elementor-column elementor-col-100 elementor-top-column elementor-element elementor-element-5741fc5\" data-id=\"5741fc5\" data-element_type=\"column\">\n\t\t\t<div class=\"elementor-widget-wrap elementor-element-populated\">\n\t\t\t\t\t\t<div class=\"elementor-element elementor-element-8645158 elementor-widget elementor-widget-spacer\" data-id=\"8645158\" data-element_type=\"widget\" data-widget_type=\"spacer.default\">\n\t\t\t\t<div class=\"elementor-widget-container\">\n\t\t\t<style>\/*! elementor - v3.22.0 - 17-06-2024 *\/\n.elementor-column .elementor-spacer-inner{height:var(--spacer-size)}.e-con{--container-widget-width:100%}.e-con-inner>.elementor-widget-spacer,.e-con>.elementor-widget-spacer{width:var(--container-widget-width,var(--spacer-size));--align-self:var(--container-widget-align-self,initial);--flex-shrink:0}.e-con-inner>.elementor-widget-spacer>.elementor-widget-container,.e-con>.elementor-widget-spacer>.elementor-widget-container{height:100%;width:100%}.e-con-inner>.elementor-widget-spacer>.elementor-widget-container>.elementor-spacer,.e-con>.elementor-widget-spacer>.elementor-widget-container>.elementor-spacer{height:100%}.e-con-inner>.elementor-widget-spacer>.elementor-widget-container>.elementor-spacer>.elementor-spacer-inner,.e-con>.elementor-widget-spacer>.elementor-widget-container>.elementor-spacer>.elementor-spacer-inner{height:var(--container-widget-height,var(--spacer-size))}.e-con-inner>.elementor-widget-spacer.elementor-widget-empty,.e-con>.elementor-widget-spacer.elementor-widget-empty{position:relative;min-height:22px;min-width:22px}.e-con-inner>.elementor-widget-spacer.elementor-widget-empty .elementor-widget-empty-icon,.e-con>.elementor-widget-spacer.elementor-widget-empty .elementor-widget-empty-icon{position:absolute;top:0;bottom:0;left:0;right:0;margin:auto;padding:0;width:22px;height:22px}<\/style>\t\t<div class=\"elementor-spacer\">\n\t\t\t<div class=\"elementor-spacer-inner\"><\/div>\n\t\t<\/div>\n\t\t\t\t<\/div>\n\t\t\t\t<\/div>\n\t\t\t\t<div class=\"elementor-element elementor-element-8a2268b elementor-widget elementor-widget-heading\" data-id=\"8a2268b\" data-element_type=\"widget\" data-widget_type=\"heading.default\">\n\t\t\t\t<div class=\"elementor-widget-container\">\n\t\t\t<h3 class=\"elementor-heading-title elementor-size-default\">If interested, please contact us here.<\/h3>\t\t<\/div>\n\t\t\t\t<\/div>\n\t\t\t\t<div class=\"elementor-element elementor-element-08f97b4 elementor-widget elementor-widget-text-editor\" data-id=\"08f97b4\" data-element_type=\"widget\" data-widget_type=\"text-editor.default\">\n\t\t\t\t<div class=\"elementor-widget-container\">\n\t\t\t<style>\/*! elementor - v3.22.0 - 17-06-2024 *\/\n.elementor-widget-text-editor.elementor-drop-cap-view-stacked .elementor-drop-cap{background-color:#69727d;color:#fff}.elementor-widget-text-editor.elementor-drop-cap-view-framed .elementor-drop-cap{color:#69727d;border:3px solid;background-color:transparent}.elementor-widget-text-editor:not(.elementor-drop-cap-view-default) .elementor-drop-cap{margin-top:8px}.elementor-widget-text-editor:not(.elementor-drop-cap-view-default) .elementor-drop-cap-letter{width:1em;height:1em}.elementor-widget-text-editor .elementor-drop-cap{float:left;text-align:center;line-height:1;font-size:50px}.elementor-widget-text-editor .elementor-drop-cap-letter{display:inline-block}<\/style>\t\t\t\t<p><b>jobs@harry-roth.de<\/b><\/p>\t\t\t\t\t\t<\/div>\n\t\t\t\t<\/div>\n\t\t\t\t<div class=\"elementor-element elementor-element-abf94f1 elementor-widget elementor-widget-spacer\" data-id=\"abf94f1\" data-element_type=\"widget\" data-widget_type=\"spacer.default\">\n\t\t\t\t<div class=\"elementor-widget-container\">\n\t\t\t\t\t<div class=\"elementor-spacer\">\n\t\t\t<div class=\"elementor-spacer-inner\"><\/div>\n\t\t<\/div>\n\t\t\t\t<\/div>\n\t\t\t\t<\/div>\n\t\t\t\t\t<\/div>\n\t\t<\/div>\n\t\t\t\t\t<\/div>\n\t\t<\/section>\n\t\t\t\t<\/div>\n\t\t","protected":false},"excerpt":{"rendered":"<p>Sind Sie bereit f\u00fcr Ihren neuen Job? Vertrieb Sachbearbeitung (m\/w\/d) CNC-Dreher\/-in (m\/w\/d) Ausbildung zum Zerspanungsmechaniker\/-in (m\/w\/d) Vertrieb Sachbearbeitung (m\/w\/d) IHRE AUFGABEN UND VERANTWORTUNG: \u2022 Gro\u00dfkundenbetreuung im administrativen Bereich. \u2022 Umsetzung des kaufm\u00e4nnischen Auftrages in die Ablauforganisation von Harry Roth GmbH &amp; Co. KG. \u2022 Sicherung von Kundenw\u00fcnschen hinsichtlich Umset- zung bzw. Anpassung an den betrieblichen [&hellip;]<\/p>\n","protected":false},"author":2,"featured_media":0,"parent":0,"menu_order":0,"comment_status":"closed","ping_status":"closed","template":"","meta":{"_acf_changed":false,"footnotes":""},"acf":[],"_links":{"self":[{"href":"https:\/\/harry-roth.de\/en\/wp-json\/wp\/v2\/pages\/1444"}],"collection":[{"href":"https:\/\/harry-roth.de\/en\/wp-json\/wp\/v2\/pages"}],"about":[{"href":"https:\/\/harry-roth.de\/en\/wp-json\/wp\/v2\/types\/page"}],"author":[{"embeddable":true,"href":"https:\/\/harry-roth.de\/en\/wp-json\/wp\/v2\/users\/2"}],"replies":[{"embeddable":true,"href":"https:\/\/harry-roth.de\/en\/wp-json\/wp\/v2\/comments?post=1444"}],"version-history":[{"count":23,"href":"https:\/\/harry-roth.de\/en\/wp-json\/wp\/v2\/pages\/1444\/revisions"}],"predecessor-version":[{"id":3816,"href":"https:\/\/harry-roth.de\/en\/wp-json\/wp\/v2\/pages\/1444\/revisions\/3816"}],"wp:attachment":[{"href":"https:\/\/harry-roth.de\/en\/wp-json\/wp\/v2\/media?parent=1444"}],"curies":[{"name":"wp","href":"https:\/\/api.w.org\/{rel}","templated":true}]}}